{"id":1669,"date":"2020-09-17T11:32:24","date_gmt":"2020-09-17T17:32:24","guid":{"rendered":"https:\/\/valentina.org.mx\/tiendavirtual\/?post_type=product&#038;p=1669"},"modified":"2020-11-17T14:30:29","modified_gmt":"2020-11-17T20:30:29","slug":"taza-valentina-fundacion-de-autismo","status":"publish","type":"product","link":"https:\/\/valentina.org.mx\/tiendavirtual\/producto\/taza-valentina-fundacion-de-autismo\/","title":{"rendered":"Taza Valentina Fundaci\u00f3n de autismo"},"content":{"rendered":"<p>Si requieres de beber t\u00fa caf\u00e9 a gusto no pierdas la esencia con las nuevas tazas que se encuentran \u00a1Ya a la venta!.<\/p>\n<p>Para recordar que tanto t\u00fa y yo somos\u00a0 #diferenteperoigual<\/p>\n","protected":false},"excerpt":{"rendered":"<p>Si requieres de beber t\u00fa caf\u00e9 a gusto no pierdas la esencia con las nuevas tazas que se encuentran \u00a1Ya a la venta!.<\/p>\n<p>Para recordar que tanto t\u00fa y yo somos\u00a0 #diferenteperoigual<\/p>\n","protected":false},"featured_media":1670,"comment_status":"open","ping_status":"closed","template":"","meta":{"site-sidebar-layout":"default","site-content-layout":"default","ast-site-content-layout":"","site-content-style":"default","site-sidebar-style":"default","ast-global-header-display":"","ast-banner-title-visibility":"","ast-main-header-display":"","ast-hfb-above-header-display":"","ast-hfb-below-header-display":"","ast-hfb-mobile-header-display":"","site-post-title":"","ast-breadcrumbs-content":"","ast-featured-img":"","footer-sml-layout":"","theme-transparent-header-meta":"default","adv-header-id-meta":"","stick-header-meta":"","header-above-stick-meta":"","header-main-stick-meta":"","header-below-stick-meta":"","astra-migrate-meta-layouts":"default","ast-page-background-enabled":"default","ast-page-background-meta":{"desktop":{"background-color":"var(--ast-global-color-4)","background-image":"","background-repeat":"repeat","background-position":"center center","background-size":"auto","background-attachment":"scroll","background-type":"","background-media":"","overlay-type":"","overlay-color":"","overlay-opacity":"","overlay-gradient":""},"tablet":{"background-color":"","background-image":"","background-repeat":"repeat","background-position":"center center","background-size":"auto","background-attachment":"scroll","background-type":"","background-media":"","overlay-type":"","overlay-color":"","overlay-opacity":"","overlay-gradient":""},"mobile":{"background-color":"","background-image":"","background-repeat":"repeat","background-position":"center center","background-size":"auto","background-attachment":"scroll","background-type":"","background-media":"","overlay-type":"","overlay-color":"","overlay-opacity":"","overlay-gradient":""}},"ast-content-background-meta":{"desktop":{"background-color":"var(--ast-global-color-5)","background-image":"","background-repeat":"repeat","background-position":"center center","background-size":"auto","background-attachment":"scroll","background-type":"","background-media":"","overlay-type":"","overlay-color":"","overlay-opacity":"","overlay-gradient":""},"tablet":{"background-color":"var(--ast-global-color-5)","background-image":"","background-repeat":"repeat","background-position":"center center","background-size":"auto","background-attachment":"scroll","background-type":"","background-media":"","overlay-type":"","overlay-color":"","overlay-opacity":"","overlay-gradient":""},"mobile":{"background-color":"var(--ast-global-color-5)","background-image":"","background-repeat":"repeat","background-position":"center center","background-size":"auto","background-attachment":"scroll","background-type":"","background-media":"","overlay-type":"","overlay-color":"","overlay-opacity":"","overlay-gradient":""}}},"product_brand":[],"product_cat":[15],"product_tag":[44,43,42],"class_list":{"0":"post-1669","1":"product","2":"type-product","3":"status-publish","4":"has-post-thumbnail","6":"product_cat-sin-categorizar","7":"product_tag-bebidas","8":"product_tag-cafe","9":"product_tag-taza","10":"desktop-align-left","11":"tablet-align-left","12":"mobile-align-left","14":"first","15":"instock","16":"featured","17":"shipping-taxable","18":"purchasable","19":"product-type-simple"},"jetpack_sharing_enabled":true,"_links":{"self":[{"href":"https:\/\/valentina.org.mx\/tiendavirtual\/wp-json\/wp\/v2\/product\/1669","targetHints":{"allow":["GET"]}}],"collection":[{"href":"https:\/\/valentina.org.mx\/tiendavirtual\/wp-json\/wp\/v2\/product"}],"about":[{"href":"https:\/\/valentina.org.mx\/tiendavirtual\/wp-json\/wp\/v2\/types\/product"}],"replies":[{"embeddable":true,"href":"https:\/\/valentina.org.mx\/tiendavirtual\/wp-json\/wp\/v2\/comments?post=1669"}],"version-history":[{"count":1,"href":"https:\/\/valentina.org.mx\/tiendavirtual\/wp-json\/wp\/v2\/product\/1669\/revisions"}],"predecessor-version":[{"id":1673,"href":"https:\/\/valentina.org.mx\/tiendavirtual\/wp-json\/wp\/v2\/product\/1669\/revisions\/1673"}],"wp:featuredmedia":[{"embeddable":true,"href":"https:\/\/valentina.org.mx\/tiendavirtual\/wp-json\/wp\/v2\/media\/1670"}],"wp:attachment":[{"href":"https:\/\/valentina.org.mx\/tiendavirtual\/wp-json\/wp\/v2\/media?parent=1669"}],"wp:term":[{"taxonomy":"product_brand","embeddable":true,"href":"https:\/\/valentina.org.mx\/tiendavirtual\/wp-json\/wp\/v2\/product_brand?post=1669"},{"taxonomy":"product_cat","embeddable":true,"href":"https:\/\/valentina.org.mx\/tiendavirtual\/wp-json\/wp\/v2\/product_cat?post=1669"},{"taxonomy":"product_tag","embeddable":true,"href":"https:\/\/valentina.org.mx\/tiendavirtual\/wp-json\/wp\/v2\/product_tag?post=1669"}],"curies":[{"name":"wp","href":"https:\/\/api.w.org\/{rel}","templated":true}]}}